{"id":505,"date":"2026-02-03T22:45:19","date_gmt":"2026-02-03T22:45:19","guid":{"rendered":"https:\/\/www.consterapia.com\/?page_id=505"},"modified":"2026-02-23T12:50:57","modified_gmt":"2026-02-23T12:50:57","slug":"le-miroir-de-leau","status":"publish","type":"page","link":"https:\/\/www.consterapia.com\/?page_id=505","title":{"rendered":"\u00ab\u00a0La voie de l&rsquo;eau\u00a0\u00bb"},"content":{"rendered":"\n<p class=\"has-text-align-center has-text-color has-link-color has-large-font-size wp-elements-f496acbbe0eb47f370355de6028127b8\" style=\"color:#8da38d\">Les Constellations sur l&rsquo;eau<\/p>\n\n\n\n<p class=\"has-text-align-center\"><strong>Plonges dans se qui te noies<\/strong>&#8230;<\/p>\n\n\n\n<figure class=\"wp-block-image size-full is-style-rounded\"><img loading=\"lazy\" decoding=\"async\" width=\"1024\" height=\"1024\" src=\"http:\/\/www.consterapia.com\/wp-content\/uploads\/2026\/02\/Gemini_Generated_Image_lje5nglje5nglje5.png\" alt=\"\" class=\"wp-image-554\" srcset=\"https:\/\/www.consterapia.com\/wp-content\/uploads\/2026\/02\/Gemini_Generated_Image_lje5nglje5nglje5.png 1024w, https:\/\/www.consterapia.com\/wp-content\/uploads\/2026\/02\/Gemini_Generated_Image_lje5nglje5nglje5-300x300.png 300w, https:\/\/www.consterapia.com\/wp-content\/uploads\/2026\/02\/Gemini_Generated_Image_lje5nglje5nglje5-150x150.png 150w, https:\/\/www.consterapia.com\/wp-content\/uploads\/2026\/02\/Gemini_Generated_Image_lje5nglje5nglje5-768x768.png 768w, https:\/\/www.consterapia.com\/wp-content\/uploads\/2026\/02\/Gemini_Generated_Image_lje5nglje5nglje5-60x60.png 60w, https:\/\/www.consterapia.com\/wp-content\/uploads\/2026\/02\/Gemini_Generated_Image_lje5nglje5nglje5-540x540.png 540w, https:\/\/www.consterapia.com\/wp-content\/uploads\/2026\/02\/Gemini_Generated_Image_lje5nglje5nglje5-90x90.png 90w\" sizes=\"auto, (max-width: 1024px) 100vw, 1024px\" \/><\/figure>\n\n\n\n<h3 class=\"wp-block-heading has-text-align-center has-text-color has-link-color wp-elements-702093ae8e1a5f269c8f7eb3b12a2bef\" style=\"color:#8da38d\"><em>Regardes ton histoire flotter pour arr\u00eater de la porter<\/em><\/h3>\n\n\n\n<p class=\"has-text-align-center\">\u00ab\u00a0La voie de l&rsquo;Eau\u00a0\u00bb est l&rsquo;espace o\u00f9 ton syst\u00e8me quitte la densit\u00e9 de la terre pour se d\u00e9poser sur l&rsquo;\u00e9l\u00e9ment liquide. Ici, <strong>tu ne plonges pas dans l&rsquo;eau.<\/strong> Tu restes le t\u00e9moin. Tu prends de la hauteur pour devenir l&rsquo;observateur des anc\u00eatres qui flottent dans le champ aquatique de ton histoire.<\/p>\n\n\n\n<p class=\"has-text-align-center has-text-color has-link-color wp-elements-e42e2e38f36f47cde596bf42c0c5cc69\" style=\"color:#8da38d\"><strong>Le Miroir de l&rsquo;Eau permet d&rsquo;atteindre des r\u00e9sultats l\u00e0 o\u00f9 le mental sature <\/strong><\/p>\n\n\n\n<p class=\"has-text-align-center\">Chaque petit personnage d\u00e9pos\u00e9 sur l&rsquo;eau repr\u00e9sente une part de ton syst\u00e8me. Lib\u00e9r\u00e9s de la gravit\u00e9, ils bougent, s&rsquo;\u00e9loignent ou se rapprochent. L&rsquo;eau ne ment pas. Elle montre la dynamique r\u00e9elle de tes liens. En observant ces mouvements depuis l&rsquo;ext\u00e9rieur, tu sors de l&rsquo;\u00e9motionnel pour entrer dans la vision. Tu comprends enfin les courants invisibles qui dirigent ta vie. En voyant le mouvement se faire dans le champs d&rsquo;eau, ton corps re\u00e7oit l&rsquo;information que la r\u00e9solution est l\u00e0. Un fois que la dynamique est visible, nous passons \u00e0 l&rsquo;action. C\u2019est l\u00e0 que la <strong>R\u00e9sonance Cellulaire<\/strong> op\u00e8re. Les mots sont des fr\u00e9quences. En pronon\u00e7ant des phrases pr\u00e9cises tout en regardant les figurines flotter, tu informes ton syst\u00e8me qu&rsquo;un nouvel ordre est possible.<\/p>\n\n\n\n<h3 class=\"wp-block-heading has-text-align-center has-text-color has-link-color has-medium-font-size wp-elements-b24eb20d72a825b330ae5838e5bea934\" style=\"color:#8da38d\"><strong>La constellation<\/strong> va&#8230;<\/h3>\n\n\n\n<ul class=\"wp-block-list\">\n<li><strong>R\u00e9v\u00e9ler l\u2019invisible :<\/strong> Mettre en lumi\u00e8re les blocages ancestraux et les loyaut\u00e9s qui te freinent sans que tu le saches.<\/li>\n\n\n\n<li><strong>Lib\u00e9rer le mouvement :<\/strong> D\u00e9nouer les n\u0153uds du pass\u00e9 pour que l\u2019\u00e9nergie cesse de stagner et recommence \u00e0 circuler dans ton arbre.<\/li>\n\n\n\n<li><strong>Rendre ce qui ne t\u2019appartient pas :<\/strong> Te d\u00e9charger des fardeaux \u00e9motionnels de tes a\u00efeux pour ne plus porter leur histoire \u00e0 leur place et reprendre ta juste place.<\/li>\n\n\n\n<li><strong>Pacifier tes cellules :<\/strong> Transformer une compr\u00e9hension mentale en un soulagement du corps gr\u00e2ce \u00e0 l&rsquo;ancrage (sonore ou physique).<\/li>\n\n\n\n<li><strong>Ouvrir ton propre destin :<\/strong> Une fois le syst\u00e8me en paix, tu n&rsquo;es plus une r\u00e9p\u00e9tition du pass\u00e9, mais le cr\u00e9ateur de ton propre avenir.<\/li>\n<\/ul>\n\n\n\n<p class=\"has-text-align-center has-text-color has-link-color wp-elements-5efed4bfe3fe382b68e2cd032c6a74aa\" style=\"color:#8da38d\"><strong>Le but est simple : identifier la signature du blocage dans l&rsquo;eau, pour rendre ce qui ne t&rsquo;appartient pas et laisser ton syst\u00e8me respirer \u00e0 nouveau.<\/strong><\/p>\n\n\n\n<h3 class=\"wp-block-heading has-text-align-center has-text-color has-link-color wp-elements-91db5f152f5c6e904633ddf69a48183f\" style=\"color:#8da38d\"><strong>L<\/strong>e protocole ELA <\/h3>\n\n\n\n<ul class=\"wp-block-list\">\n<li><strong>\u00c9nergie :<\/strong> A ton arriv\u00e9e, je me connecte \u00e0 ta fr\u00e9quence et \u00e0 ta lign\u00e9e. Nous d\u00e9butons par une ouverture du c\u0153ur et ensemble nous identifions la signature du blocage. en posant les mots justes nous communiquons  ton intention \u00e0 ton syst\u00e8me familial pour qu&rsquo;il accepte de flotter pout livrer sa v\u00e9rit\u00e9.<\/li>\n\n\n\n<li><strong>Lib\u00e9ration :<\/strong>.tu vois ton syst\u00e8me sur l&rsquo;eau repr\u00e9sent\u00e9 par des figurines flottantes. Tu deviens l&rsquo;observateur actif de ton propre flux qui se remet en mouvement. dans le courant tes anc\u00eatres montrent ce qui doit \u00eatre vu et lib\u00e9r\u00e9 afin que tous retrouvent leurs justes places y compris la tienne.<\/li>\n\n\n\n<li><strong>Ancrage :<\/strong> Parce que la lib\u00e9ration doit s&rsquo;incarner, la s\u00e9ance s\u2019ach\u00e8ve par un <strong>soin \u00e9nerg\u00e9tique cibl\u00e9 sur les parties de ton corps<\/strong> qui ont port\u00e9 ces fardeaux afin de lib\u00e9rer la blessure. Nous ancrons la r\u00e9solution dans tes cellules pour que le changement soit durable dans ta mati\u00e8re.<\/li>\n<\/ul>\n\n\n\n<figure class=\"wp-block-image aligncenter size-full is-style-rounded\"><img loading=\"lazy\" decoding=\"async\" width=\"229\" height=\"128\" src=\"http:\/\/www.consterapia.com\/wp-content\/uploads\/2026\/02\/Sans-titre-636-x-232-px-e1770239839258.jpg\" alt=\"\" class=\"wp-image-544\" srcset=\"https:\/\/www.consterapia.com\/wp-content\/uploads\/2026\/02\/Sans-titre-636-x-232-px-e1770239839258.jpg 229w, https:\/\/www.consterapia.com\/wp-content\/uploads\/2026\/02\/Sans-titre-636-x-232-px-e1770239839258-107x60.jpg 107w\" sizes=\"auto, (max-width: 229px) 100vw, 229px\" \/><\/figure>\n\n\n\n<h3 class=\"wp-block-heading has-text-align-center has-text-color has-link-color wp-elements-372a5bda33c54e894499bacdf9477b9a\" style=\"color:#8da38d\"><strong>Le Retour au Corps <\/strong><\/h3>\n\n\n\n<p class=\"has-text-align-center\"><strong> Sceller la R\u00e9sonance<\/strong><\/p>\n\n\n\n<p class=\"has-text-align-center\">La s\u00e9ance ne s&rsquo;arr\u00eate pas \u00e0 la vision du Miroir de l&rsquo;Eau. Pour que la lib\u00e9ration soit totale, l&rsquo;information doit descendre de tes yeux \u00e0 tes cellules. C&rsquo;est ici que j&rsquo;int\u00e8gre le <strong>soin \u00e9nerg\u00e9tique<\/strong>.<\/p>\n\n\n\n<ul class=\"wp-block-list\">\n<li><strong>L&rsquo;Impr\u00e9gnation :<\/strong> Apr\u00e8s avoir vu l&rsquo;\u00e9quilibre se r\u00e9tablir dans l&rsquo;eau, tu re\u00e7ois un soin \u00e9nerg\u00e9tique cibl\u00e9. C&rsquo;est le moment o\u00f9 la nouvelle fr\u00e9quence de ton syst\u00e8me est \u00ab\u00a0infus\u00e9e\u00a0\u00bb directement dans ton corps.<\/li>\n\n\n\n<li><strong>Nettoyage des r\u00e9sidus :<\/strong> Le soin vient balayer les derni\u00e8res r\u00e9sistances vibratoires li\u00e9es aux m\u00e9moires que nous venons de lib\u00e9rer. On ne se contente pas de comprendre le blocage, on l&rsquo;\u00e9vacue physiquement.<\/li>\n\n\n\n<li><strong>L&rsquo;Ancrage Cellulaire :<\/strong> Par l&rsquo;imposition des mains, je viens r\u00e9informer tes centres \u00e9nerg\u00e9tiques. Le corps enregistre que le combat est fini. La signature de la souffrance est remplac\u00e9e par la signature de la r\u00e9solution.<\/li>\n<\/ul>\n\n\n\n<p class=\"has-text-align-center has-text-color has-link-color wp-elements-52b75beed3f3b6b216a468a1ac067b49\" style=\"color:#8da38d\"><strong>C\u2019est ce passage du \u00ab\u00a0voir\u00a0\u00bb au \u00ab\u00a0recevoir\u00a0\u00bb qui garantit que tu ne repars pas seulement avec une prise de conscience, mais avec un corps physiquement all\u00e9g\u00e9<\/strong><\/p>\n\n\n\n<blockquote class=\"wp-block-quote has-text-align-center is-layout-flow wp-block-quote-is-layout-flow\">\n<p class=\"has-text-color has-link-color wp-elements-ee1e1dfd8d671537308cdcbec278a56c\" style=\"color:#8da38d\"><em>\u00ab\u00a0L&rsquo;histoire s&rsquo;arr\u00eate l\u00e0 o\u00f9 la conscience commence.\u00a0\u00bb<\/em><\/p>\n<\/blockquote>\n\n\n\n<figure class=\"wp-block-image size-full is-style-rounded\"><img loading=\"lazy\" decoding=\"async\" width=\"1024\" height=\"1024\" src=\"http:\/\/www.consterapia.com\/wp-content\/uploads\/2026\/02\/Gemini_Generated_Image_e9he5xe9he5xe9he.png\" alt=\"\" class=\"wp-image-558\" srcset=\"https:\/\/www.consterapia.com\/wp-content\/uploads\/2026\/02\/Gemini_Generated_Image_e9he5xe9he5xe9he.png 1024w, https:\/\/www.consterapia.com\/wp-content\/uploads\/2026\/02\/Gemini_Generated_Image_e9he5xe9he5xe9he-300x300.png 300w, https:\/\/www.consterapia.com\/wp-content\/uploads\/2026\/02\/Gemini_Generated_Image_e9he5xe9he5xe9he-150x150.png 150w, https:\/\/www.consterapia.com\/wp-content\/uploads\/2026\/02\/Gemini_Generated_Image_e9he5xe9he5xe9he-768x768.png 768w, https:\/\/www.consterapia.com\/wp-content\/uploads\/2026\/02\/Gemini_Generated_Image_e9he5xe9he5xe9he-60x60.png 60w, https:\/\/www.consterapia.com\/wp-content\/uploads\/2026\/02\/Gemini_Generated_Image_e9he5xe9he5xe9he-540x540.png 540w, https:\/\/www.consterapia.com\/wp-content\/uploads\/2026\/02\/Gemini_Generated_Image_e9he5xe9he5xe9he-90x90.png 90w\" sizes=\"auto, (max-width: 1024px) 100vw, 1024px\" \/><\/figure>\n\n\n\n<p class=\"has-text-align-center has-medium-font-size\"><strong>Gu\u00e9rir c&rsquo;est agir. Alors allons-y!<\/strong><\/p>\n\n\n\n<p>Comme l\u2019onde qui ne conna\u00eet pas de rivage, la m\u00e9moire de l\u2019eau voyage au-del\u00e0 de l\u2019espace.<\/p>\n\n\n\n<p> Laisse le courant de ta lign\u00e9e retrouver sa clart\u00e9, l\u00e0 o\u00f9 tu es, maintenant.<\/p>\n\n\n\n<p>Plonger vers ma r\u00e9solution&#8230;<\/p>\n\n\n\n<div class=\"wp-block-buttons is-layout-flex wp-block-buttons-is-layout-flex\">\n<div class=\"wp-block-button is-style-outline is-style-outline--1\"><a class=\"wp-block-button__link has-text-color has-link-color wp-element-button\" href=\"https:\/\/www.consterapia.com\/?page_id=948\" style=\"color:#8da38d\">Flotter vers les Tarifs<\/a><\/div>\n<\/div>\n\n\n\n<p><\/p>\n","protected":false},"excerpt":{"rendered":"<p>Les Constellations sur l&rsquo;eau Plonges dans se qui te noies&#8230; Regardes ton histoire flotter pour arr\u00eater de la porter \u00ab\u00a0La voie de l&rsquo;Eau\u00a0\u00bb est l&rsquo;espace o\u00f9 ton syst\u00e8me quitte la densit\u00e9 de la terre pour se d\u00e9poser sur l&rsquo;\u00e9l\u00e9ment liquide. Ici, tu ne plonges pas dans l&rsquo;eau. Tu restes le t\u00e9moin. Tu prends de la [&hellip;]<\/p>\n","protected":false},"author":1,"featured_media":36,"parent":0,"menu_order":0,"comment_status":"closed","ping_status":"closed","template":"","meta":{"footnotes":""},"class_list":["post-505","page","type-page","status-publish","has-post-thumbnail","hentry"],"_links":{"self":[{"href":"https:\/\/www.consterapia.com\/index.php?rest_route=\/wp\/v2\/pages\/505","targetHints":{"allow":["GET"]}}],"collection":[{"href":"https:\/\/www.consterapia.com\/index.php?rest_route=\/wp\/v2\/pages"}],"about":[{"href":"https:\/\/www.consterapia.com\/index.php?rest_route=\/wp\/v2\/types\/page"}],"author":[{"embeddable":true,"href":"https:\/\/www.consterapia.com\/index.php?rest_route=\/wp\/v2\/users\/1"}],"replies":[{"embeddable":true,"href":"https:\/\/www.consterapia.com\/index.php?rest_route=%2Fwp%2Fv2%2Fcomments&post=505"}],"version-history":[{"count":10,"href":"https:\/\/www.consterapia.com\/index.php?rest_route=\/wp\/v2\/pages\/505\/revisions"}],"predecessor-version":[{"id":1052,"href":"https:\/\/www.consterapia.com\/index.php?rest_route=\/wp\/v2\/pages\/505\/revisions\/1052"}],"wp:featuredmedia":[{"embeddable":true,"href":"https:\/\/www.consterapia.com\/index.php?rest_route=\/wp\/v2\/media\/36"}],"wp:attachment":[{"href":"https:\/\/www.consterapia.com\/index.php?rest_route=%2Fwp%2Fv2%2Fmedia&parent=505"}],"curies":[{"name":"wp","href":"https:\/\/api.w.org\/{rel}","templated":true}]}}