{"id":507,"date":"2026-02-03T22:45:19","date_gmt":"2026-02-03T22:45:19","guid":{"rendered":"https:\/\/www.consterapia.com\/?page_id=507"},"modified":"2026-02-23T13:52:47","modified_gmt":"2026-02-23T13:52:47","slug":"lecho-du-systeme-cabinet","status":"publish","type":"page","link":"https:\/\/www.consterapia.com\/?page_id=507","title":{"rendered":"\u00ab\u00a0La voie du cercle\u00a0\u00bb"},"content":{"rendered":"\n<h2 class=\"wp-block-heading has-text-align-center has-text-color has-link-color has-large-font-size wp-elements-e4e3ac915097133f499f135c80bb5074\" style=\"color:#8da38d\">La Voie du Cercle <\/h2>\n\n\n\n<p class=\"has-text-align-center\"><strong>Un pour tous. Tous pour un<\/strong>&#8230;<\/p>\n\n\n\n<figure class=\"wp-block-image size-full is-style-rounded\"><img loading=\"lazy\" decoding=\"async\" width=\"1024\" height=\"1024\" src=\"http:\/\/www.consterapia.com\/wp-content\/uploads\/2026\/02\/Gemini_Generated_Image_rv79fcrv79fcrv79.png\" alt=\"\" class=\"wp-image-692\" srcset=\"https:\/\/www.consterapia.com\/wp-content\/uploads\/2026\/02\/Gemini_Generated_Image_rv79fcrv79fcrv79.png 1024w, https:\/\/www.consterapia.com\/wp-content\/uploads\/2026\/02\/Gemini_Generated_Image_rv79fcrv79fcrv79-300x300.png 300w, https:\/\/www.consterapia.com\/wp-content\/uploads\/2026\/02\/Gemini_Generated_Image_rv79fcrv79fcrv79-150x150.png 150w, https:\/\/www.consterapia.com\/wp-content\/uploads\/2026\/02\/Gemini_Generated_Image_rv79fcrv79fcrv79-768x768.png 768w, https:\/\/www.consterapia.com\/wp-content\/uploads\/2026\/02\/Gemini_Generated_Image_rv79fcrv79fcrv79-60x60.png 60w, https:\/\/www.consterapia.com\/wp-content\/uploads\/2026\/02\/Gemini_Generated_Image_rv79fcrv79fcrv79-540x540.png 540w, https:\/\/www.consterapia.com\/wp-content\/uploads\/2026\/02\/Gemini_Generated_Image_rv79fcrv79fcrv79-90x90.png 90w\" sizes=\"auto, (max-width: 1024px) 100vw, 1024px\" \/><\/figure>\n\n\n\n<p class=\"has-text-align-center has-medium-font-size\"><strong>Quand le poids des autres devient le v\u00f4tre<\/strong>&#8230;<\/p>\n\n\n\n<p class=\"has-text-align-center\">Il arrive que l&rsquo;air devienne irrespirable au sein d&rsquo;une famille, d&rsquo;un cercle d&rsquo;amis ou d&rsquo;un groupe. Les non-dits s&rsquo;accumulent, la zizanie s&rsquo;installe, et sans m\u00eame vous en rendre compte, vous portez des tensions qui ne vous appartiennent pas. Ce d\u00e9s\u00e9quilibre collectif finit par figer votre propre vie, cr\u00e9ant des blocages dans votre quotidien, vos projets ou vos relations.<\/p>\n\n\n\n<p class=\"has-text-align-center\"><strong>La Voie du Cercle<\/strong> est une journ\u00e9e d&rsquo;immersion pour cesser de subir la dynamique du groupe et retrouver votre juste place.<\/p>\n\n\n\n<h3 class=\"wp-block-heading has-text-align-center has-text-color has-link-color wp-elements-bd7ea24ff485fa979d66bea32ebd4bae\" style=\"color:#8da38d\"><strong>Les constellations vont\u2026<\/strong><\/h3>\n\n\n\n<p class=\"has-text-align-center\">Apr\u00e8s avoir pos\u00e9 l&rsquo;intention collective, chacun \u00e0 tour de r\u00f4le sera constell\u00e9 pour que chacun vd\u00e9pose sa probl\u00e9matique relationelle li\u00e9e \u00e0 l&rsquo;intention de d\u00e9part.<\/p>\n\n\n\n<p><strong>Ceci permettra de :<\/strong><\/p>\n\n\n\n<ul class=\"wp-block-list\">\n<li><strong>R\u00e9v\u00e9ler l\u2019invisible :<\/strong>&nbsp;Mettre en lumi\u00e8re les blocages ancestraux et les loyaut\u00e9s qui vous freinent sans que vous le sachiez.<\/li>\n\n\n\n<li><strong>Lib\u00e9rer le mouvement :<\/strong>&nbsp;D\u00e9nouer les n\u0153uds du pass\u00e9 pour que l\u2019\u00e9nergie cesse de stagner et recommence \u00e0 circuler dans votre arbre.<\/li>\n\n\n\n<li><strong>Rendre ce qui ne vous appartient pas :<\/strong>&nbsp;Vous d\u00e9charger des fardeaux \u00e9motionnels de vos a\u00efeux et entre vous pour ne plus porter leur histoire \u00e0 leur place et reprendre votre juste place.<\/li>\n\n\n\n<li><strong>Pacifier vos cellules :<\/strong>&nbsp;Transformer une compr\u00e9hension mentale en un soulagement du corps gr\u00e2ce \u00e0 l\u2019ancrage (sonore ou physique).<\/li>\n\n\n\n<li><strong>Ouvrir votre propre destin :<\/strong>&nbsp;Une fois le syst\u00e8me en paix, vous n\u2019\u00eates plus une r\u00e9p\u00e9tition du pass\u00e9, mais les cr\u00e9ateurs de votre propre avenir \u00e0 chacun.<\/li>\n<\/ul>\n\n\n\n<h3 class=\"wp-block-heading has-text-align-center has-text-color has-link-color wp-elements-7a33a571528064ff4182bca807754bd8\" style=\"color:#8da38d\">Le protocole ELA au service du collectif<\/h3>\n\n\n\n<p class=\"has-text-align-center\">Dans cet espace prot\u00e9g\u00e9, nous utilisons la force du nombre pour mettre en lumi\u00e8re ce qui est cach\u00e9. Ici, chaque participant devient le miroir de l&rsquo;autre, car dans un syst\u00e8me, tout est li\u00e9, et <strong>chacun sera touch\u00e9 par la gu\u00e9rison.<\/strong><\/p>\n\n\n\n<ul class=\"wp-block-list\">\n<li><strong>\u00c9nergie :<\/strong> Nous ouvrons le champ ensemble pour permettre une ouverture du coeur collective et laisser appara\u00eetre la \u00ab\u00a0signature\u00a0\u00bb du groupe. Apr\u00e8s avoir pos\u00e9 l&rsquo;intention collective, nous laissons place \u00e0 ceux qui vous ont pr\u00e9c\u00e9d\u00e9s pour vous montrer l\u00e0 o\u00f9 bloque le collectif.<\/li>\n\n\n\n<li><strong>Lib\u00e9ration :<\/strong> Par le ressenti, le mouvement et la parole, vous ressentez les vibrations de se qui se joue. En jouant un r\u00f4lev au hasard dans votre cercle, vous participer \u00e0 la lib\u00e9ration du syst\u00e8me.<\/li>\n\n\n\n<li><strong>Ancrage :<\/strong> Nous terminons la constellation par un soin collectif \u00e9nergetique, en ramenant la paix dans chacune des parties du corps reli\u00e9es.<\/li>\n<\/ul>\n\n\n\n<figure class=\"wp-block-image aligncenter size-full is-style-rounded\"><img loading=\"lazy\" decoding=\"async\" width=\"229\" height=\"128\" src=\"http:\/\/www.consterapia.com\/wp-content\/uploads\/2026\/02\/Sans-titre-636-x-232-px-e1770239839258.jpg\" alt=\"\" class=\"wp-image-544\" srcset=\"https:\/\/www.consterapia.com\/wp-content\/uploads\/2026\/02\/Sans-titre-636-x-232-px-e1770239839258.jpg 229w, https:\/\/www.consterapia.com\/wp-content\/uploads\/2026\/02\/Sans-titre-636-x-232-px-e1770239839258-107x60.jpg 107w\" sizes=\"auto, (max-width: 229px) 100vw, 229px\" \/><\/figure>\n\n\n\n<h3 class=\"wp-block-heading has-text-align-center has-text-color has-link-color wp-elements-e067887a45885f63140506edd1ce77bb\" style=\"color:#8da38d\">Le mouvement vers la r\u00e9solution<\/h3>\n\n\n\n<p class=\"has-text-align-center\"> En travaillant sur votre propre r\u00e9sonance au sein du cercle, c&rsquo;est tout votre syst\u00e8me que vous faites bouger. C\u2019est une exp\u00e9rience intense o\u00f9 la bienveillance et l&rsquo;intelligence du groupe deviennent les moteurs de votre propre gu\u00e9rison, et de celle de tous les participants.<\/p>\n\n\n\n<figure class=\"wp-block-image size-full is-style-rounded\"><img loading=\"lazy\" decoding=\"async\" width=\"1024\" height=\"1024\" src=\"http:\/\/www.consterapia.com\/wp-content\/uploads\/2026\/02\/Gemini_Generated_Image_xn5jzuxn5jzuxn5j.png\" alt=\"\" class=\"wp-image-693\" srcset=\"https:\/\/www.consterapia.com\/wp-content\/uploads\/2026\/02\/Gemini_Generated_Image_xn5jzuxn5jzuxn5j.png 1024w, https:\/\/www.consterapia.com\/wp-content\/uploads\/2026\/02\/Gemini_Generated_Image_xn5jzuxn5jzuxn5j-300x300.png 300w, https:\/\/www.consterapia.com\/wp-content\/uploads\/2026\/02\/Gemini_Generated_Image_xn5jzuxn5jzuxn5j-150x150.png 150w, https:\/\/www.consterapia.com\/wp-content\/uploads\/2026\/02\/Gemini_Generated_Image_xn5jzuxn5jzuxn5j-768x768.png 768w, https:\/\/www.consterapia.com\/wp-content\/uploads\/2026\/02\/Gemini_Generated_Image_xn5jzuxn5jzuxn5j-60x60.png 60w, https:\/\/www.consterapia.com\/wp-content\/uploads\/2026\/02\/Gemini_Generated_Image_xn5jzuxn5jzuxn5j-540x540.png 540w, https:\/\/www.consterapia.com\/wp-content\/uploads\/2026\/02\/Gemini_Generated_Image_xn5jzuxn5jzuxn5j-90x90.png 90w\" sizes=\"auto, (max-width: 1024px) 100vw, 1024px\" \/><\/figure>\n\n\n\n<p class=\"has-text-align-center has-medium-font-size\">Gu\u00e9rir c&rsquo;est agir. Alors allons-y!<\/p>\n\n\n\n<p>Le cercle devient ici une r\u00e9alit\u00e9 physique pour porter votre transformation. Dans cet espace sacr\u00e9, votre place vous attend au c\u0153ur du grand mouvement, l\u00e0 o\u00f9 l&rsquo;\u00e9nergie du vivant s&rsquo;incarne pour lib\u00e9rer ce qui entrave votre chemin en commun.<\/p>\n\n\n\n<p>Prendre notre place dans le mouvement&#8230;<\/p>\n\n\n\n<div class=\"wp-block-buttons is-layout-flex wp-block-buttons-is-layout-flex\">\n<div class=\"wp-block-button is-style-outline is-style-outline--1\"><a class=\"wp-block-button__link has-text-color has-link-color wp-element-button\" href=\"https:\/\/www.consterapia.com\/?page_id=948\" style=\"color:#8da38d\">Ensemble vers les Tarifs<\/a><\/div>\n<\/div>\n\n\n\n<p><\/p>\n","protected":false},"excerpt":{"rendered":"<p>La Voie du Cercle Un pour tous. Tous pour un&#8230; Quand le poids des autres devient le v\u00f4tre&#8230; Il arrive que l&rsquo;air devienne irrespirable au sein d&rsquo;une famille, d&rsquo;un cercle d&rsquo;amis ou d&rsquo;un groupe. Les non-dits s&rsquo;accumulent, la zizanie s&rsquo;installe, et sans m\u00eame vous en rendre compte, vous portez des tensions qui ne vous appartiennent [&hellip;]<\/p>\n","protected":false},"author":1,"featured_media":36,"parent":0,"menu_order":0,"comment_status":"closed","ping_status":"closed","template":"","meta":{"footnotes":""},"class_list":["post-507","page","type-page","status-publish","has-post-thumbnail","hentry"],"_links":{"self":[{"href":"https:\/\/www.consterapia.com\/index.php?rest_route=\/wp\/v2\/pages\/507","targetHints":{"allow":["GET"]}}],"collection":[{"href":"https:\/\/www.consterapia.com\/index.php?rest_route=\/wp\/v2\/pages"}],"about":[{"href":"https:\/\/www.consterapia.com\/index.php?rest_route=\/wp\/v2\/types\/page"}],"author":[{"embeddable":true,"href":"https:\/\/www.consterapia.com\/index.php?rest_route=\/wp\/v2\/users\/1"}],"replies":[{"embeddable":true,"href":"https:\/\/www.consterapia.com\/index.php?rest_route=%2Fwp%2Fv2%2Fcomments&post=507"}],"version-history":[{"count":9,"href":"https:\/\/www.consterapia.com\/index.php?rest_route=\/wp\/v2\/pages\/507\/revisions"}],"predecessor-version":[{"id":1057,"href":"https:\/\/www.consterapia.com\/index.php?rest_route=\/wp\/v2\/pages\/507\/revisions\/1057"}],"wp:featuredmedia":[{"embeddable":true,"href":"https:\/\/www.consterapia.com\/index.php?rest_route=\/wp\/v2\/media\/36"}],"wp:attachment":[{"href":"https:\/\/www.consterapia.com\/index.php?rest_route=%2Fwp%2Fv2%2Fmedia&parent=507"}],"curies":[{"name":"wp","href":"https:\/\/api.w.org\/{rel}","templated":true}]}}