{"id":512,"date":"2026-02-03T22:45:19","date_gmt":"2026-02-03T22:45:19","guid":{"rendered":"https:\/\/www.consterapia.com\/?page_id=512"},"modified":"2026-02-23T14:04:30","modified_gmt":"2026-02-23T14:04:30","slug":"lempreinte-du-corps-massage","status":"publish","type":"page","link":"https:\/\/www.consterapia.com\/?page_id=512","title":{"rendered":"\u00ab\u00a0La voie du corps\u00a0\u00bb"},"content":{"rendered":"\n<p class=\"has-text-align-center has-text-color has-link-color has-large-font-size wp-elements-6faecdbcdf158dad031b1f8c48d61985\" style=\"color:#8da38d\">La voie du corps<\/p>\n\n\n\n<p class=\"has-text-align-center has-medium-font-size\">Quand les cellules lib\u00e9rent la s\u00e8ve de tes anc\u00eatres&#8230;<\/p>\n\n\n\n<figure class=\"wp-block-image size-full is-style-rounded\"><img loading=\"lazy\" decoding=\"async\" width=\"1024\" height=\"1024\" src=\"http:\/\/www.consterapia.com\/wp-content\/uploads\/2026\/02\/Gemini_Generated_Image_fbw1ltfbw1ltfbw1.png\" alt=\"\" class=\"wp-image-654\" srcset=\"https:\/\/www.consterapia.com\/wp-content\/uploads\/2026\/02\/Gemini_Generated_Image_fbw1ltfbw1ltfbw1.png 1024w, https:\/\/www.consterapia.com\/wp-content\/uploads\/2026\/02\/Gemini_Generated_Image_fbw1ltfbw1ltfbw1-300x300.png 300w, https:\/\/www.consterapia.com\/wp-content\/uploads\/2026\/02\/Gemini_Generated_Image_fbw1ltfbw1ltfbw1-150x150.png 150w, https:\/\/www.consterapia.com\/wp-content\/uploads\/2026\/02\/Gemini_Generated_Image_fbw1ltfbw1ltfbw1-768x768.png 768w, https:\/\/www.consterapia.com\/wp-content\/uploads\/2026\/02\/Gemini_Generated_Image_fbw1ltfbw1ltfbw1-60x60.png 60w, https:\/\/www.consterapia.com\/wp-content\/uploads\/2026\/02\/Gemini_Generated_Image_fbw1ltfbw1ltfbw1-540x540.png 540w, https:\/\/www.consterapia.com\/wp-content\/uploads\/2026\/02\/Gemini_Generated_Image_fbw1ltfbw1ltfbw1-90x90.png 90w\" sizes=\"auto, (max-width: 1024px) 100vw, 1024px\" \/><\/figure>\n\n\n\n<h3 class=\"wp-block-heading has-text-align-center has-medium-font-size\">Pourquoi ton corps porte-t-il une histoire qui n\u2019est pas la tienne ?<\/h3>\n\n\n\n<p class=\"has-text-align-center has-medium-font-size\">Tu sens cette lourdeur ? <\/p>\n\n\n\n<p class=\"has-text-align-center\">Ce n\u0153ud qui ne c\u00e8de pas, cette tension dans ton dos qui semble dater d&rsquo;une autre \u00e9poque ? <\/p>\n\n\n\n<p class=\"has-text-align-center\">Ton corps n&rsquo;est pas qu&rsquo;une enveloppe de chair, c&rsquo;est une biblioth\u00e8que vivante o\u00f9 tes <strong>cellules et ton ADN enregistrent tout<\/strong>.<\/p>\n\n\n\n<figure class=\"wp-block-image aligncenter size-full is-style-rounded\"><img loading=\"lazy\" decoding=\"async\" width=\"512\" height=\"512\" src=\"http:\/\/www.consterapia.com\/wp-content\/uploads\/2026\/02\/Gemini_Generated_Image_v2eosiv2eosiv2eo-e1770328074163.png\" alt=\"\" class=\"wp-image-656\" srcset=\"https:\/\/www.consterapia.com\/wp-content\/uploads\/2026\/02\/Gemini_Generated_Image_v2eosiv2eosiv2eo-e1770328074163.png 512w, https:\/\/www.consterapia.com\/wp-content\/uploads\/2026\/02\/Gemini_Generated_Image_v2eosiv2eosiv2eo-e1770328074163-300x300.png 300w, https:\/\/www.consterapia.com\/wp-content\/uploads\/2026\/02\/Gemini_Generated_Image_v2eosiv2eosiv2eo-e1770328074163-150x150.png 150w, https:\/\/www.consterapia.com\/wp-content\/uploads\/2026\/02\/Gemini_Generated_Image_v2eosiv2eosiv2eo-e1770328074163-60x60.png 60w, https:\/\/www.consterapia.com\/wp-content\/uploads\/2026\/02\/Gemini_Generated_Image_v2eosiv2eosiv2eo-e1770328074163-90x90.png 90w\" sizes=\"auto, (max-width: 512px) 100vw, 512px\" \/><\/figure>\n\n\n\n<p class=\"has-text-align-center has-text-color has-link-color has-medium-font-size wp-elements-cab390efaa792d596d1b88d5c7e9c8e3\" style=\"color:#8da38d\"><strong>L&rsquo;\u00e9cho de ton \u00e2me<\/strong><\/p>\n\n\n\n<p class=\"has-text-align-center\">Tes maux sont les \u00e9chos de ton \u00e2me, mais aussi le Livre d\u2019Or de tes anc\u00eatres. Tu portes aussi en toi leurs hivers, leurs deuils non faits et leurs secrets, leurs traumas. Ce que l\u2019esprit n\u2019a pas pu dire, ton corps le crie. Tes douleurs sont des appels : le \u00ab\u00a0mal-a-dit\u00a0\u00bb est le langage d&rsquo;un syst\u00e8me qui souhaite \u00eatre vu et qui aimerait sa juste place.<\/p>\n\n\n\n<h4 class=\"wp-block-heading has-text-align-center has-text-color has-link-color has-medium-font-size wp-elements-92df2482ae207ba34b120e377906e82a\" style=\"color:#8da38d\">La Constellation Cellulaire ELA<\/h4>\n\n\n\n<p class=\"has-text-align-center\"><strong>un voyage en trois souffles<\/strong><\/p>\n\n\n\n<p class=\"has-text-align-center\">Pour t&rsquo;accompagner vers cette r\u00e9solution, j&rsquo;utilise le <strong>Protocole ELA<\/strong>,<\/p>\n\n\n\n<p class=\"has-text-align-center\"><strong>E comme \u00c9nergie &amp; Eveil:<\/strong> Tout commence par l\u00e0. Dans un espace de s\u00e9curit\u00e9 totale, nous ouvrons la porte de ton c\u0153ur. C&rsquo;est par cette ouverture du coeur que nous nous connectons \u00e0 ta fr\u00e9quence vibratoire, \u00e0 tes anc\u00eatres et \u00e0 ton histoire. Ensemble nous definissons ton intention et voyons o\u00f9 le mouvement de vie s&rsquo;est arr\u00eat\u00e9 et o\u00f9 l&rsquo;amour ne circule plus en toi.<\/p>\n\n\n\n<p class=\"has-text-align-center\"><strong>L comme Lib\u00e9ration &amp; Lign\u00e9e:<\/strong> C&rsquo;est une constellation familiales cibl\u00e9e sur les parties de ton corps bloqu\u00e9es, l\u00e0 ou sont stock\u00e9s ce qui n&rsquo;a jamais \u00e9t\u00e9 vu et r\u00e9solu. Gr\u00e2ce aux ressentis physiques, sonores et aux phrases de r\u00e9solution, nous allons d\u00e9nouer ensemble les m\u00e9moires et tenter de jouer ensemble la solution.<\/p>\n\n\n\n<p class=\"has-text-align-center\"><strong>A comme Ancrage &amp; \u00c2me :<\/strong> Nous stabilisons tes nouvelles racines dans la terre. Ton corps retrouve son socle, son \u00e9quilibre pour que tu puisses enfin habiter ton pr\u00e9sent, solide, align\u00e9 et le c\u0153ur d\u00e9sormais grand ouvert sur ta propre vie.<\/p>\n\n\n\n<figure class=\"wp-block-image aligncenter size-full is-style-rounded\"><img loading=\"lazy\" decoding=\"async\" width=\"229\" height=\"128\" src=\"http:\/\/www.consterapia.com\/wp-content\/uploads\/2026\/02\/Sans-titre-636-x-232-px-e1770239839258.jpg\" alt=\"\" class=\"wp-image-544\" srcset=\"https:\/\/www.consterapia.com\/wp-content\/uploads\/2026\/02\/Sans-titre-636-x-232-px-e1770239839258.jpg 229w, https:\/\/www.consterapia.com\/wp-content\/uploads\/2026\/02\/Sans-titre-636-x-232-px-e1770239839258-107x60.jpg 107w\" sizes=\"auto, (max-width: 229px) 100vw, 229px\" \/><\/figure>\n\n\n\n<p class=\"has-text-align-center has-text-color has-link-color has-medium-font-size wp-elements-6a41b37cf35ca1b9415b7df96b99b9b5\" style=\"color:#a3b18a\"> Ton Corps-Arbre sous mes mains<\/p>\n\n\n\n<p class=\"has-text-align-center\">Dans cette approche de <strong>R\u00e9sonance Cellulaire Syst\u00e9mique<\/strong>, nous allons au-del\u00e0 du blocage. Nous constellons ton histoire directement dans la mati\u00e8re. Avec l&rsquo;aide de mes outils et de mon exp\u00e9rience, nos \u00ab\u00a0corps\u00a0\u00bb deviennent le plateau de jeu (le champ) o\u00f9 l&rsquo;invisible se manifeste.<\/p>\n\n\n\n<p class=\"has-text-align-center\"><strong>L\u2019\u00c9veil des Racines (Jambes &amp; Pieds) :<\/strong> L&rsquo;ancrage pour une meilleure connexion \u00e0 ton arbre.<\/p>\n\n\n\n<p class=\"has-text-align-center\"><strong>L&rsquo;Axe du Tronc (Bassin &amp; Dos) :<\/strong> L\u00e0 o\u00f9 sont stok\u00e9es tes  emotions r\u00e9prim\u00e9es, tes peurs, tes ressentis et les traumatismes transg\u00e9n\u00e9rationnels.<\/p>\n\n\n\n<p class=\"has-text-align-center\"><strong>L&rsquo;axe de la couronne (t\u00eate, nuque, \u00e9paules ,cervicales):<\/strong> l\u00e0 ou se trouvent les charges trop lourdes \u00e0 porter, au peurs et \u00e0 la tristesse accumul\u00e9e. <\/p>\n\n\n\n<p class=\"has-text-align-center\"><strong>Les Pierres de Pr\u00e9sence :<\/strong> Pour chaque tension identifi\u00e9e, je d\u00e9pose une <strong>pierre<\/strong>. Elle devient le repr\u00e9sentant physique de l&rsquo;anc\u00eatre ou de l&rsquo;\u00e9motion bloqu\u00e9e. et ensemble nous allons ressentir ce qui doit \u00eatre lib\u00e9r\u00e9. <\/p>\n\n\n\n<p class=\"has-text-align-center\"><strong>Le Dialogue Sacr\u00e9 :<\/strong> Sous  ta confiance et ma bienveillance  et sur ce que la constellations nous rev\u00e8le , nous rejouons la sc\u00e8ne \u00e0 liberer autrement. Avec cette nouvelle approche et les phrases qui lib\u00e8rent. Ton inconscient et tes cellules entendent que le probl\u00e8me est r\u00e9solu.<\/p>\n\n\n\n<p class=\"has-text-align-center\"><strong>L\u2019\u00c9closion de la Cime :<\/strong> Apr\u00e8s, c&rsquo;est \u00e0 l&rsquo;harmonisation de tes centres \u00e9nerg\u00e9tiques d&rsquo;\u00eatre activ\u00e9e afin que la s\u00e8ve de ton arbre circule \u00e0 nouveau et pour laisser \u00e0 nouveau l&rsquo;occasion \u00e0 l&rsquo;oiseau de ton \u00e2me de sortir de sa cage et venir se poser sur son nouveau feuillage.<\/p>\n\n\n\n<p class=\"has-text-align-center has-text-color has-link-color has-medium-font-size wp-elements-f2413b222a27b58b6c100c393b1ae293\" style=\"color:#a3b18a\"><strong>De la racine \u00e0 la cime, ton corps redevient un jardin fertile.<\/strong><\/p>\n\n\n\n<figure class=\"wp-block-image size-full is-style-rounded\"><img loading=\"lazy\" decoding=\"async\" width=\"1024\" height=\"1024\" src=\"http:\/\/www.consterapia.com\/wp-content\/uploads\/2026\/02\/Gemini_Generated_Image_lp7ohhlp7ohhlp7o.png\" alt=\"\" class=\"wp-image-657\" srcset=\"https:\/\/www.consterapia.com\/wp-content\/uploads\/2026\/02\/Gemini_Generated_Image_lp7ohhlp7ohhlp7o.png 1024w, https:\/\/www.consterapia.com\/wp-content\/uploads\/2026\/02\/Gemini_Generated_Image_lp7ohhlp7ohhlp7o-300x300.png 300w, https:\/\/www.consterapia.com\/wp-content\/uploads\/2026\/02\/Gemini_Generated_Image_lp7ohhlp7ohhlp7o-150x150.png 150w, https:\/\/www.consterapia.com\/wp-content\/uploads\/2026\/02\/Gemini_Generated_Image_lp7ohhlp7ohhlp7o-768x768.png 768w, https:\/\/www.consterapia.com\/wp-content\/uploads\/2026\/02\/Gemini_Generated_Image_lp7ohhlp7ohhlp7o-60x60.png 60w, https:\/\/www.consterapia.com\/wp-content\/uploads\/2026\/02\/Gemini_Generated_Image_lp7ohhlp7ohhlp7o-540x540.png 540w, https:\/\/www.consterapia.com\/wp-content\/uploads\/2026\/02\/Gemini_Generated_Image_lp7ohhlp7ohhlp7o-90x90.png 90w\" sizes=\"auto, (max-width: 1024px) 100vw, 1024px\" \/><\/figure>\n\n\n\n<p class=\"has-text-align-center has-medium-font-size\"><strong>Gu\u00e9rir c&rsquo;est agir. Alors allons-y!<\/strong><\/p>\n\n\n\n<p>\u00ab\u00a0Votre corps porte une information qui n&rsquo;attend que d&rsquo;\u00eatre reconnue. Dans l&rsquo;intimit\u00e9 du soin, le toucher vient lib\u00e9rer le mouvement l\u00e0 o\u00f9 il s&rsquo;\u00e9tait fig\u00e9, permettant \u00e0 vos cellules de rendre ce qui ne leur appartient pas. Le voyage se termine ici, au c\u0153ur de votre propre mati\u00e8re.<\/p>\n\n\n\n<p>Liberer ma m\u00e9moire c\u00e9llulaire&#8230;<\/p>\n\n\n\n<div class=\"wp-block-buttons is-layout-flex wp-block-buttons-is-layout-flex\">\n<div class=\"wp-block-button is-style-outline is-style-outline--1\"><a class=\"wp-block-button__link has-text-color has-link-color wp-element-button\" href=\"https:\/\/www.consterapia.com\/?page_id=948\" style=\"color:#8da38d\">L\u00e2cher vers les Tarifs <\/a><\/div>\n<\/div>\n\n\n\n<p><\/p>\n","protected":false},"excerpt":{"rendered":"<p>La voie du corps Quand les cellules lib\u00e9rent la s\u00e8ve de tes anc\u00eatres&#8230; Pourquoi ton corps porte-t-il une histoire qui n\u2019est pas la tienne ? Tu sens cette lourdeur ? Ce n\u0153ud qui ne c\u00e8de pas, cette tension dans ton dos qui semble dater d&rsquo;une autre \u00e9poque ? Ton corps n&rsquo;est pas qu&rsquo;une enveloppe de [&hellip;]<\/p>\n","protected":false},"author":1,"featured_media":36,"parent":0,"menu_order":0,"comment_status":"closed","ping_status":"closed","template":"","meta":{"footnotes":""},"class_list":["post-512","page","type-page","status-publish","has-post-thumbnail","hentry"],"_links":{"self":[{"href":"https:\/\/www.consterapia.com\/index.php?rest_route=\/wp\/v2\/pages\/512","targetHints":{"allow":["GET"]}}],"collection":[{"href":"https:\/\/www.consterapia.com\/index.php?rest_route=\/wp\/v2\/pages"}],"about":[{"href":"https:\/\/www.consterapia.com\/index.php?rest_route=\/wp\/v2\/types\/page"}],"author":[{"embeddable":true,"href":"https:\/\/www.consterapia.com\/index.php?rest_route=\/wp\/v2\/users\/1"}],"replies":[{"embeddable":true,"href":"https:\/\/www.consterapia.com\/index.php?rest_route=%2Fwp%2Fv2%2Fcomments&post=512"}],"version-history":[{"count":9,"href":"https:\/\/www.consterapia.com\/index.php?rest_route=\/wp\/v2\/pages\/512\/revisions"}],"predecessor-version":[{"id":1061,"href":"https:\/\/www.consterapia.com\/index.php?rest_route=\/wp\/v2\/pages\/512\/revisions\/1061"}],"wp:featuredmedia":[{"embeddable":true,"href":"https:\/\/www.consterapia.com\/index.php?rest_route=\/wp\/v2\/media\/36"}],"wp:attachment":[{"href":"https:\/\/www.consterapia.com\/index.php?rest_route=%2Fwp%2Fv2%2Fmedia&parent=512"}],"curies":[{"name":"wp","href":"https:\/\/api.w.org\/{rel}","templated":true}]}}