{"id":948,"date":"2026-02-19T21:46:59","date_gmt":"2026-02-19T21:46:59","guid":{"rendered":"https:\/\/www.consterapia.com\/?page_id=948"},"modified":"2026-03-03T17:46:33","modified_gmt":"2026-03-03T17:46:33","slug":"investir-pour-soi","status":"publish","type":"page","link":"https:\/\/www.consterapia.com\/?page_id=948","title":{"rendered":"\u00ab\u00a0Investir pour soi\u00a0\u00bb"},"content":{"rendered":"\n<h2 class=\"wp-block-heading has-text-align-center has-text-color has-link-color has-large-font-size wp-elements-ba1686aaaca8e3160e4a339e30ab5139\" style=\"color:#8da38d\">Un Don Pour Soi&#8230;<\/h2>\n\n\n\n<h3 class=\"wp-block-heading has-text-align-center has-medium-font-size\">Investir en soi, ce n&rsquo;est pas seulement changer son pr\u00e9sent, c&rsquo;est offrir la paix \u00e0 son pass\u00e9 et la libert\u00e9 \u00e0 son avenir.<\/h3>\n\n\n\n<figure class=\"wp-block-image size-full is-style-rounded\"><img loading=\"lazy\" decoding=\"async\" width=\"1024\" height=\"1024\" src=\"http:\/\/www.consterapia.com\/wp-content\/uploads\/2026\/02\/Gemini_Generated_Image_izm4toizm4toizm4.png\" alt=\"\" class=\"wp-image-954\" srcset=\"https:\/\/www.consterapia.com\/wp-content\/uploads\/2026\/02\/Gemini_Generated_Image_izm4toizm4toizm4.png 1024w, https:\/\/www.consterapia.com\/wp-content\/uploads\/2026\/02\/Gemini_Generated_Image_izm4toizm4toizm4-300x300.png 300w, https:\/\/www.consterapia.com\/wp-content\/uploads\/2026\/02\/Gemini_Generated_Image_izm4toizm4toizm4-150x150.png 150w, https:\/\/www.consterapia.com\/wp-content\/uploads\/2026\/02\/Gemini_Generated_Image_izm4toizm4toizm4-768x768.png 768w, https:\/\/www.consterapia.com\/wp-content\/uploads\/2026\/02\/Gemini_Generated_Image_izm4toizm4toizm4-60x60.png 60w, https:\/\/www.consterapia.com\/wp-content\/uploads\/2026\/02\/Gemini_Generated_Image_izm4toizm4toizm4-540x540.png 540w, https:\/\/www.consterapia.com\/wp-content\/uploads\/2026\/02\/Gemini_Generated_Image_izm4toizm4toizm4-90x90.png 90w\" sizes=\"auto, (max-width: 1024px) 100vw, 1024px\" \/><\/figure>\n\n\n\n<h3 class=\"wp-block-heading\">Les deux formules :<\/h3>\n\n\n\n<ul class=\"wp-block-list\">\n<li><strong>La Constellation Seule (Le Mouvement de l&rsquo;\u00c2me)<\/strong>\n<ul class=\"wp-block-list\">\n<li><em>C&rsquo;est pour toi si :<\/em> Tu veux mettre de l&rsquo;ordre dans ton syst\u00e8me, identifier une signature et lib\u00e9rer un blocage ancestral.<\/li>\n\n\n\n<li><em>Le format :<\/em> Une s\u00e9ance de travail syst\u00e9mique pur (en cabinet, sur l&rsquo;eau ou \u00e0 distance).<\/li>\n<\/ul>\n<\/li>\n\n\n\n<li><strong>Le Parcours ELA (L&rsquo;Incarner dans la Mati\u00e8re)<\/strong>\n<ul class=\"wp-block-list\">\n<li><em>C&rsquo;est pour toi si :<\/em> Ton mental a compris, mais que ton corps porte encore le poids.<\/li>\n\n\n\n<li><em>Le format :<\/em> Un protocole complet incluant l&rsquo;\u00c9veil \u00e9nerg\u00e9tique, la Constellation et le Massage de R\u00e9sonance Cellulaire pour informer tes cellules que le conflit est termin\u00e9.<\/li>\n<\/ul>\n<\/li>\n<\/ul>\n\n\n\n<h3 class=\"wp-block-heading has-text-color has-link-color wp-elements-15f7cc04833246de86c23eacfa27cc9e\" style=\"color:#8da38d\"><strong>1. La Voie vers Soi<\/strong><\/h3>\n\n\n\n<p><em>S\u00e9ance Individuelle<\/em> Identifier votre \u00ab\u00a0Signature\u00a0\u00bb pour restaurer votre mouvement de vie personnel.<\/p>\n\n\n\n<ul class=\"wp-block-list\">\n<li><strong>S\u00e9ance seule :<\/strong> 70 \u20ac<\/li>\n\n\n\n<li><strong>Avec Protocole ELA :<\/strong> 100\u20ac <em>(Inclut l&rsquo;ancrage \u00e9nerg\u00e9tique sp\u00e9cifique)<\/em><\/li>\n<\/ul>\n\n\n\n<div class=\"wp-block-buttons is-content-justification-center is-layout-flex wp-container-core-buttons-is-layout-a89b3969 wp-block-buttons-is-layout-flex\">\n<div class=\"wp-block-button has-custom-width wp-block-button__width-25 is-style-outline is-style-outline--1\"><a class=\"wp-block-button__link has-white-background-color has-text-color has-background has-link-color has-small-font-size has-custom-font-size wp-element-button\" href=\"https:\/\/www.consterapia.com\/?page_id=509\" style=\"border-top-left-radius:100px;border-top-right-radius:100px;border-bottom-left-radius:100px;border-bottom-right-radius:100px;color:#8da38d\">La voie vers soi (\u00e0 distance)<\/a><\/div>\n\n\n\n<div class=\"wp-block-button has-custom-width wp-block-button__width-25 is-style-outline is-style-outline--2\"><a class=\"wp-block-button__link has-text-color has-link-color has-small-font-size has-custom-font-size wp-element-button\" href=\"https:\/\/www.consterapia.com\/?page_id=506\" style=\"color:#8da38d\">La voie vers soi (pr\u00e9sentiel)<\/a><\/div>\n<\/div>\n\n\n\n<h3 class=\"wp-block-heading has-text-color has-link-color wp-elements-f953895c2793b55d6b94d544827f17e3\" style=\"color:#8da38d\"><strong>2. La Voie de l\u2019Eau<\/strong><\/h3>\n\n\n\n<p><em>Constellation Aquatique<\/em> Dissoudre les m\u00e9moires archa\u00efques dans la fluidit\u00e9 de l&rsquo;\u00e9l\u00e9ment originel.<\/p>\n\n\n\n<ul class=\"wp-block-list\">\n<li><strong>S\u00e9ance seule :<\/strong> 70 \u20ac<\/li>\n\n\n\n<li><strong>Avec Protocole ELA :<\/strong> 100 \u20ac <em>(Lib\u00e9ration profonde et r\u00e9sonance aquatique)<\/em><\/li>\n<\/ul>\n\n\n\n<div class=\"wp-block-buttons is-content-justification-center is-layout-flex wp-container-core-buttons-is-layout-a89b3969 wp-block-buttons-is-layout-flex\">\n<div class=\"wp-block-button has-custom-width wp-block-button__width-25 is-style-outline is-style-outline--3\"><a class=\"wp-block-button__link has-text-color has-link-color has-small-font-size has-custom-font-size wp-element-button\" href=\"https:\/\/www.consterapia.com\/?page_id=579\" style=\"color:#8da38d\">La voie de l&rsquo;eau (\u00e0 distance)<\/a><\/div>\n\n\n\n<div class=\"wp-block-button has-custom-width wp-block-button__width-25 is-style-outline is-style-outline--4\"><a class=\"wp-block-button__link has-text-color has-link-color has-small-font-size has-custom-font-size wp-element-button\" href=\"https:\/\/www.consterapia.com\/?page_id=505\" style=\"color:#8da38d\">La voie de l&rsquo;eau (pr\u00e9sentiel)<\/a><\/div>\n<\/div>\n\n\n\n<h3 class=\"wp-block-heading has-text-color has-link-color wp-elements-0eb35456f848cc830d0a2fa29c9a3a1c\" style=\"color:#8da38d\"><strong>3. La Voie du C\u0153ur<\/strong><\/h3>\n\n\n\n<p><em>Le Couple &amp; le Relationnel<\/em> Lib\u00e9rer les sch\u00e9mas r\u00e9p\u00e9titifs pour ouvrir l&rsquo;espace \u00e0 une relation v\u00e9ritable.<\/p>\n\n\n\n<ul class=\"wp-block-list\">\n<li><strong>S\u00e9ance seule :<\/strong> \u20ac200 (3 constellations)<\/li>\n\n\n\n<li><strong>Avec Protocole ELA :<\/strong> 80 \u20ac <em>(3 protocoles)<\/em><\/li>\n<\/ul>\n\n\n\n<div class=\"wp-block-buttons is-content-justification-center is-layout-flex wp-container-core-buttons-is-layout-a89b3969 wp-block-buttons-is-layout-flex\">\n<div class=\"wp-block-button has-custom-width wp-block-button__width-25 is-style-outline is-style-outline--5\"><a class=\"wp-block-button__link has-text-color has-link-color has-small-font-size has-custom-font-size wp-element-button\" href=\"https:\/\/www.consterapia.com\/?page_id=508\" style=\"color:#8da38d\">La voie du c\u0153ur (\u00e0 distance)<\/a><\/div>\n\n\n\n<div class=\"wp-block-button has-custom-width wp-block-button__width-25 is-style-outline is-style-outline--6\"><a class=\"wp-block-button__link has-text-color has-link-color has-small-font-size has-custom-font-size wp-element-button\" href=\"https:\/\/www.consterapia.com\/?page_id=578\" style=\"color:#8da38d\">La voie du c\u0153ur (pr\u00e9sentiel)<\/a><\/div>\n<\/div>\n\n\n\n<h3 class=\"wp-block-heading has-text-color has-link-color wp-elements-120f91a3413cfa2dd9823a94681e12c2\" style=\"color:#8da38d\"><strong>4. La Voie du Cercle<\/strong><\/h3>\n\n\n\n<p><em>Constellation Familiale<\/em> Restaurer l&rsquo;harmonie du clan et lib\u00e9rer les loyaut\u00e9s invisibles ensemble.<\/p>\n\n\n\n<p><strong>Sur devis<\/strong> <em>( avec ou sans Option ELA disponible pour le syst\u00e8me familial)<\/em>.<\/p>\n\n\n\n<ul class=\"wp-block-list\">\n<li>Constellation centr\u00e9e sur une intention collective (2 heures environ). 70  \u20ac.<\/li>\n\n\n\n<li>Constellations centr\u00e9e sur une probl\u00e9matique de chacun des membre ( la journ\u00e9e). 70  \u20ac P.P.<\/li>\n\n\n\n<li>Protocole ELA : 100<strong>\u20ac<\/strong> pour le groupe.<\/li>\n<\/ul>\n\n\n\n<div class=\"wp-block-buttons is-content-justification-center is-layout-flex wp-container-core-buttons-is-layout-a89b3969 wp-block-buttons-is-layout-flex\">\n<div class=\"wp-block-button has-custom-width wp-block-button__width-25 is-style-outline is-style-outline--7\"><a class=\"wp-block-button__link has-text-color has-link-color has-small-font-size has-custom-font-size wp-element-button\" href=\"https:\/\/www.consterapia.com\/?page_id=580\" style=\"color:#8da38d\">La voie du cercle (\u00e0 distance)<\/a><\/div>\n\n\n\n<div class=\"wp-block-button has-custom-width wp-block-button__width-25 is-style-outline is-style-outline--8\"><a class=\"wp-block-button__link has-text-color has-link-color has-small-font-size has-custom-font-size wp-element-button\" href=\"https:\/\/www.consterapia.com\/?page_id=507\" style=\"color:#8da38d\">La voie du cercle (pr\u00e9sentiel)<\/a><\/div>\n<\/div>\n\n\n\n<h3 class=\"wp-block-heading has-text-color has-link-color wp-elements-59ac4efbbe2b7e73a175fd3c4a9c35af\" style=\"color:#8da38d\"><strong>5. La Voie de l\u2019\u00c2me<\/strong><\/h3>\n\n\n\n<p><em>La Trilogie (Naissance, Enfant, Parents)<\/em> Le grand voyage de reconstruction de vos fondations sacr\u00e9es.<\/p>\n\n\n\n<p>Ce soin s&rsquo;\u00e9tend sur 3 mois: 1 constellation &amp; 1 protocle \u00e0 chaque s\u00e9ance. <\/p>\n\n\n\n<ul class=\"wp-block-list\">\n<li><strong>Trilogie classique :<\/strong> 210 \u20ac<\/li>\n\n\n\n<li><strong>Trilogie avec Protocole ELA :<\/strong> 90 \u20ac <em>(L&rsquo;accompagnement complet pour une renaissance totale)<\/em>.<\/li>\n<\/ul>\n\n\n\n<div class=\"wp-block-buttons is-content-justification-center is-layout-flex wp-container-core-buttons-is-layout-a89b3969 wp-block-buttons-is-layout-flex\">\n<div class=\"wp-block-button has-custom-width wp-block-button__width-25 is-style-outline is-style-outline--9\"><a class=\"wp-block-button__link has-text-color has-link-color has-small-font-size has-custom-font-size wp-element-button\" href=\"https:\/\/www.consterapia.com\/?page_id=510\" style=\"color:#8da38d\">La voie de l&rsquo;\u00e2me<\/a><\/div>\n<\/div>\n\n\n\n<h3 class=\"wp-block-heading has-text-color has-link-color wp-elements-c31c18e9d9e0db606da1694f4128a551\" style=\"color:#8da38d\"><strong>6. La Voie du Corps<\/strong><\/h3>\n\n\n\n<p> La constellation devient biologique dans votre chair. Cette s\u00e9ance peut parfois durer jusqu&rsquo;\u00e0 3 heures. <\/p>\n\n\n\n<p><strong>Soin seul :<\/strong> 90\u20ac <\/p>\n\n\n\n<p><strong>Avec Protocole ELA :<\/strong> 120 \u20ac <em>(Le summum de l&rsquo;int\u00e9gration cellula<\/em>ire)<\/p>\n\n\n\n<div class=\"wp-block-buttons is-content-justification-center is-layout-flex wp-container-core-buttons-is-layout-a89b3969 wp-block-buttons-is-layout-flex\">\n<div class=\"wp-block-button has-custom-width wp-block-button__width-25 is-style-outline is-style-outline--10\"><a class=\"wp-block-button__link has-text-color has-link-color has-small-font-size has-custom-font-size wp-element-button\" href=\"https:\/\/www.consterapia.com\/?page_id=512\" style=\"color:#8da38d\">La voie du corps<\/a><\/div>\n<\/div>\n\n\n\n<p><\/p>\n\n\n\n<p><\/p>\n\n\n\n<figure class=\"wp-block-image size-full is-style-rounded\"><img loading=\"lazy\" decoding=\"async\" width=\"1024\" height=\"1024\" src=\"http:\/\/www.consterapia.com\/wp-content\/uploads\/2026\/02\/Gemini_Generated_Image_n7d5hdn7d5hdn7d5.png\" alt=\"\" class=\"wp-image-955\" srcset=\"https:\/\/www.consterapia.com\/wp-content\/uploads\/2026\/02\/Gemini_Generated_Image_n7d5hdn7d5hdn7d5.png 1024w, https:\/\/www.consterapia.com\/wp-content\/uploads\/2026\/02\/Gemini_Generated_Image_n7d5hdn7d5hdn7d5-300x300.png 300w, https:\/\/www.consterapia.com\/wp-content\/uploads\/2026\/02\/Gemini_Generated_Image_n7d5hdn7d5hdn7d5-150x150.png 150w, https:\/\/www.consterapia.com\/wp-content\/uploads\/2026\/02\/Gemini_Generated_Image_n7d5hdn7d5hdn7d5-768x768.png 768w, https:\/\/www.consterapia.com\/wp-content\/uploads\/2026\/02\/Gemini_Generated_Image_n7d5hdn7d5hdn7d5-60x60.png 60w, https:\/\/www.consterapia.com\/wp-content\/uploads\/2026\/02\/Gemini_Generated_Image_n7d5hdn7d5hdn7d5-540x540.png 540w, https:\/\/www.consterapia.com\/wp-content\/uploads\/2026\/02\/Gemini_Generated_Image_n7d5hdn7d5hdn7d5-90x90.png 90w\" sizes=\"auto, (max-width: 1024px) 100vw, 1024px\" \/><\/figure>\n\n\n\n<p class=\"has-text-align-center has-medium-font-size\">Gu\u00e9rir c&rsquo;est agir. Alors allons-y!<\/p>\n\n\n\n<p><\/p>\n","protected":false},"excerpt":{"rendered":"<p>Un Don Pour Soi&#8230; Investir en soi, ce n&rsquo;est pas seulement changer son pr\u00e9sent, c&rsquo;est offrir la paix \u00e0 son pass\u00e9 et la libert\u00e9 \u00e0 son avenir. Les deux formules : 1. La Voie vers Soi S\u00e9ance Individuelle Identifier votre \u00ab\u00a0Signature\u00a0\u00bb pour restaurer votre mouvement de vie personnel. 2. La Voie de l\u2019Eau Constellation Aquatique [&hellip;]<\/p>\n","protected":false},"author":1,"featured_media":99,"parent":0,"menu_order":0,"comment_status":"closed","ping_status":"closed","template":"","meta":{"footnotes":""},"class_list":["post-948","page","type-page","status-publish","has-post-thumbnail","hentry"],"_links":{"self":[{"href":"https:\/\/www.consterapia.com\/index.php?rest_route=\/wp\/v2\/pages\/948","targetHints":{"allow":["GET"]}}],"collection":[{"href":"https:\/\/www.consterapia.com\/index.php?rest_route=\/wp\/v2\/pages"}],"about":[{"href":"https:\/\/www.consterapia.com\/index.php?rest_route=\/wp\/v2\/types\/page"}],"author":[{"embeddable":true,"href":"https:\/\/www.consterapia.com\/index.php?rest_route=\/wp\/v2\/users\/1"}],"replies":[{"embeddable":true,"href":"https:\/\/www.consterapia.com\/index.php?rest_route=%2Fwp%2Fv2%2Fcomments&post=948"}],"version-history":[{"count":10,"href":"https:\/\/www.consterapia.com\/index.php?rest_route=\/wp\/v2\/pages\/948\/revisions"}],"predecessor-version":[{"id":1068,"href":"https:\/\/www.consterapia.com\/index.php?rest_route=\/wp\/v2\/pages\/948\/revisions\/1068"}],"wp:featuredmedia":[{"embeddable":true,"href":"https:\/\/www.consterapia.com\/index.php?rest_route=\/wp\/v2\/media\/99"}],"wp:attachment":[{"href":"https:\/\/www.consterapia.com\/index.php?rest_route=%2Fwp%2Fv2%2Fmedia&parent=948"}],"curies":[{"name":"wp","href":"https:\/\/api.w.org\/{rel}","templated":true}]}}